{"id":127,"date":"2024-03-20T17:02:33","date_gmt":"2024-03-20T17:02:33","guid":{"rendered":"https:\/\/greenlifemilano.it\/?page_id=127"},"modified":"2024-03-28T16:37:47","modified_gmt":"2024-03-28T16:37:47","slug":"contatti","status":"publish","type":"page","link":"https:\/\/greenlifemilano.it\/?page_id=127","title":{"rendered":"Contatti"},"content":{"rendered":"\t\t<div data-elementor-type=\"wp-page\" data-elementor-id=\"127\" class=\"elementor elementor-127\">\n\t\t\t\t<div class=\"elementor-element elementor-element-75f87e0 e-con-full e-flex wpr-particle-no wpr-jarallax-no wpr-parallax-no wpr-sticky-section-no e-con e-parent\" data-id=\"75f87e0\" data-element_type=\"container\" data-settings=\"{&quot;background_background&quot;:&quot;slideshow&quot;,&quot;background_slideshow_gallery&quot;:[{&quot;id&quot;:164,&quot;url&quot;:&quot;https:\\\/\\\/greenlifemilano.it\\\/wp-content\\\/uploads\\\/2024\\\/03\\\/pexels-fabian-beck-2934587-scaled.jpg&quot;}],&quot;background_slideshow_loop&quot;:&quot;yes&quot;,&quot;background_slideshow_slide_duration&quot;:5000,&quot;background_slideshow_slide_transition&quot;:&quot;fade&quot;,&quot;background_slideshow_transition_duration&quot;:500}\">\n\t\t\t\t<div class=\"elementor-element elementor-element-a5df7b5 elementor-invisible elementor-widget elementor-widget-heading\" data-id=\"a5df7b5\" data-element_type=\"widget\" data-settings=\"{&quot;_animation&quot;:&quot;slideInDown&quot;}\" data-widget_type=\"heading.default\">\n\t\t\t\t<div class=\"elementor-widget-container\">\n\t\t\t\t\t<h1 class=\"elementor-heading-title elementor-size-default\">Scrivici<\/h1>\t\t\t\t<\/div>\n\t\t\t\t<\/div>\n\t\t\t\t<div class=\"elementor-element elementor-element-b795bf8 elementor-widget-divider--view-line elementor-invisible elementor-widget elementor-widget-divider\" data-id=\"b795bf8\" data-element_type=\"widget\" data-settings=\"{&quot;_animation&quot;:&quot;slideInUp&quot;}\" data-widget_type=\"divider.default\">\n\t\t\t\t<div class=\"elementor-widget-container\">\n\t\t\t\t\t\t\t<div class=\"elementor-divider\">\n\t\t\t<span class=\"elementor-divider-separator\">\n\t\t\t\t\t\t<\/span>\n\t\t<\/div>\n\t\t\t\t\t\t<\/div>\n\t\t\t\t<\/div>\n\t\t\t\t<\/div>\n\t\t<div class=\"elementor-element elementor-element-7c0f094 e-flex e-con-boxed wpr-particle-no wpr-jarallax-no wpr-parallax-no wpr-sticky-section-no e-con e-parent\" data-id=\"7c0f094\" data-element_type=\"container\">\n\t\t\t\t\t<div class=\"e-con-inner\">\n\t\t\t\t<div class=\"elementor-element elementor-element-9e52c91 elementor-widget elementor-widget-text-editor\" data-id=\"9e52c91\" data-element_type=\"widget\" data-widget_type=\"text-editor.default\">\n\t\t\t\t<div class=\"elementor-widget-container\">\n\t\t\t\t\t\t\t\t\t<p>Se sogni di trasformare il tuo giardino o la tua terrazza in un luogo di bellezza e serenit\u00e0, sei nel posto giusto. Il team esperto di Green Life Milano \u00e8 qui per aiutarti a realizzare la tua visione verde. Con la nostra passione per la creativit\u00e0 e la cura dei dettagli, trasformiamo gli spazi esterni in veri e propri paradisi naturali.<\/p><p>Compila il nostro form di contatto e lasciaci sapere quali sono i tuoi desideri e le tue esigenze. Siamo qui per ascoltarti attentamente e per fornirti un preventivo personalizzato che rispecchi al meglio le tue richieste.<\/p><p>Non aspettare altro! Inizia il viaggio verso un giardino che ti emozioner\u00e0 ogni giorno. Scegli la professionalit\u00e0 e l&#8217;esperienza di Green Life Milano e scopri come possiamo trasformare il tuo spazio verde in un capolavoro naturale. Contattaci oggi stesso e lascia che la magia abbia inizio!<\/p>\t\t\t\t\t\t\t\t<\/div>\n\t\t\t\t<\/div>\n\t\t\t\t\t<\/div>\n\t\t\t\t<\/div>\n\t\t<div class=\"elementor-element elementor-element-9e010df e-flex e-con-boxed wpr-particle-no wpr-jarallax-no wpr-parallax-no wpr-sticky-section-no e-con e-parent\" data-id=\"9e010df\" data-element_type=\"container\" data-settings=\"{&quot;background_background&quot;:&quot;classic&quot;}\">\n\t\t\t\t\t<div class=\"e-con-inner\">\n\t\t<div class=\"elementor-element elementor-element-277bdc6 e-con-full e-flex wpr-particle-no wpr-jarallax-no wpr-parallax-no wpr-sticky-section-no e-con e-child\" data-id=\"277bdc6\" data-element_type=\"container\">\n\t\t\t\t<div class=\"elementor-element elementor-element-521cd90 elementor-invisible elementor-widget elementor-widget-heading\" data-id=\"521cd90\" data-element_type=\"widget\" data-settings=\"{&quot;_animation&quot;:&quot;fadeInLeft&quot;}\" data-widget_type=\"heading.default\">\n\t\t\t\t<div class=\"elementor-widget-container\">\n\t\t\t\t\t<h3 class=\"elementor-heading-title elementor-size-default\">Scrivici per un preventivo<\/h3>\t\t\t\t<\/div>\n\t\t\t\t<\/div>\n\t\t\t\t<div class=\"elementor-element elementor-element-868632b elementor-widget-divider--view-line elementor-invisible elementor-widget elementor-widget-divider\" data-id=\"868632b\" data-element_type=\"widget\" data-settings=\"{&quot;_animation&quot;:&quot;fadeInLeft&quot;}\" data-widget_type=\"divider.default\">\n\t\t\t\t<div class=\"elementor-widget-container\">\n\t\t\t\t\t\t\t<div class=\"elementor-divider\">\n\t\t\t<span class=\"elementor-divider-separator\">\n\t\t\t\t\t\t<\/span>\n\t\t<\/div>\n\t\t\t\t\t\t<\/div>\n\t\t\t\t<\/div>\n\t\t\t\t<div class=\"elementor-element elementor-element-1deee25 elementor-invisible elementor-widget elementor-widget-formidable\" data-id=\"1deee25\" data-element_type=\"widget\" data-settings=\"{&quot;_animation&quot;:&quot;fadeInLeft&quot;}\" data-widget_type=\"formidable.default\">\n\t\t\t\t<div class=\"elementor-widget-container\">\n\t\t\t\t\t<div class=\"frm_forms  with_frm_style frm_style_stile-di-formidable\" id=\"frm_form_2_container\" data-token=\"fae84a51f77316b433bcfb919984dc83\">\n<form enctype=\"multipart\/form-data\" method=\"post\" class=\"frm-show-form \" id=\"form_contatti-form\" data-token=\"fae84a51f77316b433bcfb919984dc83\">\n<div class=\"frm_form_fields \">\n<fieldset>\n<legend class=\"frm_screen_reader\">Contatti form<\/legend>\r\n\r\n<div class=\"frm_fields_container\">\n<input type=\"hidden\" name=\"frm_action\" value=\"create\" \/>\n<input type=\"hidden\" name=\"form_id\" value=\"2\" \/>\n<input type=\"hidden\" name=\"frm_hide_fields_2\" id=\"frm_hide_fields_2\" value=\"\" \/>\n<input type=\"hidden\" name=\"form_key\" value=\"contatti-form\" \/>\n<input type=\"hidden\" name=\"item_meta[0]\" value=\"\" \/>\n<input type=\"hidden\" id=\"frm_submit_entry_2\" name=\"frm_submit_entry_2\" value=\"0f2e29428f\" \/><input type=\"hidden\" name=\"_wp_http_referer\" value=\"\/index.php?rest_route=%2Fwp%2Fv2%2Fpages%2F127\" \/><div id=\"frm_field_6_container\" class=\"frm_form_field form-field  frm_required_field frm_top_container\">\r\n    <div  id=\"field_n1rbu_label\" class=\"frm_primary_label\">Nome e Cognome\r\n        <span class=\"frm_required\" aria-hidden=\"true\">*<\/span>\r\n    <\/div>\r\n    <fieldset aria-labelledby=\"field_n1rbu_label\">\n\t<legend class=\"frm_screen_reader frm_hidden\">\n\t\tNome e Cognome\t<\/legend>\n\n\t<div  class=\"frm_combo_inputs_container\" id=\"frm_combo_inputs_container_6\" data-name-layout=\"first_last\">\n\t\t\t\t\t<div\n\t\t\t\tid=\"frm_field_6-first_container\"\n\t\t\t\tclass=\"frm_form_field form-field frm_form_subfield-first  frm6\"\n\t\t\t\tdata-sub-field-name=\"first\"\n\t\t\t>\n\t\t\t\t<label for=\"field_n1rbu_first\" class=\"frm_screen_reader frm_hidden\">\n\t\t\t\t\tNome e Cognome\t\t\t\t<\/label>\n\n\t\t\t\t\t\t\t\t\t\t<input\n\t\t\t\t\t\t\ttype=\"text\"\n\t\t\t\t\t\t\tid=\"field_n1rbu_first\"\n\t\t\t\t\t\t\tvalue=\"Nome\"\n\t\t\t\t\t\t\tdata-frmval=\"Nome\" name=\"item_meta[6][first]\"  data-reqmsg=\"Nome e Cognome cannot be blank.\" aria-required=\"true\" data-invmsg=\"Nome e Cognome non \u00e8 valido\" aria-invalid=\"false\"  \t\t\t\t\t\t\/>\n\t\t\t\t\t\t\t\t\t<\/div>\n\t\t\t\t\t\t<div\n\t\t\t\tid=\"frm_field_6-last_container\"\n\t\t\t\tclass=\"frm_form_field form-field frm_form_subfield-last  frm6\"\n\t\t\t\tdata-sub-field-name=\"last\"\n\t\t\t>\n\t\t\t\t<label for=\"field_n1rbu_last\" class=\"frm_screen_reader frm_hidden\">\n\t\t\t\t\tNome e Cognome\t\t\t\t<\/label>\n\n\t\t\t\t\t\t\t\t\t\t<input\n\t\t\t\t\t\t\ttype=\"text\"\n\t\t\t\t\t\t\tid=\"field_n1rbu_last\"\n\t\t\t\t\t\t\tvalue=\"Cognome\"\n\t\t\t\t\t\t\tdata-frmval=\"Cognome\" name=\"item_meta[6][last]\"  data-reqmsg=\"Nome e Cognome cannot be blank.\" aria-required=\"true\" data-invmsg=\"Nome e Cognome non \u00e8 valido\" aria-invalid=\"false\"  \t\t\t\t\t\t\/>\n\t\t\t\t\t\t\t\t\t<\/div>\n\t\t\t\t<\/div>\n<\/fieldset>\n\r\n    \r\n    \r\n<\/div>\n<div id=\"frm_field_10_container\" class=\"frm_form_field form-field  frm_required_field frm_top_container\">\r\n    <label for=\"field_u1x5g\" id=\"field_u1x5g_label\" class=\"frm_primary_label\">Per cosa ci scrivi\r\n        <span class=\"frm_required\" aria-hidden=\"true\">*<\/span>\r\n    <\/label>\r\n    \t\t<select name=\"item_meta[10]\" id=\"field_u1x5g\"  data-reqmsg=\"Per cosa ci scrivi cannot be blank.\" aria-required=\"true\" data-invmsg=\"Per cosa ci scrivi non \u00e8 valido\" aria-invalid=\"false\"  >\n\t\t<option  value=\"Preventivo\">Preventivo<\/option><option  value=\"Canditatura per lavoro\">Canditatura per lavoro<\/option>\t<\/select>\n\t\r\n    \r\n    \r\n<\/div>\n<div id=\"frm_field_7_container\" class=\"frm_form_field form-field  frm_required_field frm_top_container\">\r\n    <label for=\"field_g0hs2\" id=\"field_g0hs2_label\" class=\"frm_primary_label\">Email\r\n        <span class=\"frm_required\" aria-hidden=\"true\">*<\/span>\r\n    <\/label>\r\n    <input type=\"email\" id=\"field_g0hs2\" name=\"item_meta[7]\" value=\"\"  data-reqmsg=\"Email cannot be blank.\" aria-required=\"true\" data-invmsg=\"Email non \u00e8 valido\" aria-invalid=\"false\"  \/>\r\n    \r\n    \r\n<\/div>\n<div id=\"frm_field_9_container\" class=\"frm_form_field form-field  frm_required_field frm_top_container\">\r\n    <label for=\"field_9khvq\" id=\"field_9khvq_label\" class=\"frm_primary_label\">Messaggio\r\n        <span class=\"frm_required\" aria-hidden=\"true\">*<\/span>\r\n    <\/label>\r\n    <input type=\"text\" id=\"field_9khvq\" name=\"item_meta[9]\" value=\"\"  data-reqmsg=\"Messaggio cannot be blank.\" aria-required=\"true\" data-invmsg=\"Messaggio non \u00e8 valido\" aria-invalid=\"false\"  \/>\r\n    \r\n    \r\n<\/div>\n\t<input type=\"hidden\" name=\"item_key\" value=\"\" \/>\n\t\t\t\t<div class=\"frm__65fb0a339d678\">\n\t\t\t\t<label for=\"frm_email_2\" >\n\t\t\t\t\tSe sei un essere umano, lascia questo campo vuoto.\t\t\t\t<\/label>\n\t\t\t\t<input  id=\"frm_email_2\" type=\"text\" class=\"frm_verify\" name=\"frm__65fb0a339d678\" value=\"\" autocomplete=\"off\"  \/>\n\t\t\t<\/div>\n\t\t<div class=\"frm_submit frm_flex\">\r\n<button class=\"frm_button_submit\" type=\"submit\"  >Invia<\/button>\r\n\r\n\r\n\r\n<\/div><\/div>\n<\/fieldset>\n<\/div>\n\n<\/form>\n<\/div>\n\t\t\t\t<\/div>\n\t\t\t\t<\/div>\n\t\t\t\t<\/div>\n\t\t<div class=\"elementor-element elementor-element-e1670f8 e-con-full e-flex wpr-particle-no wpr-jarallax-no wpr-parallax-no wpr-sticky-section-no e-con e-child\" data-id=\"e1670f8\" data-element_type=\"container\">\n\t\t\t\t<div class=\"elementor-element elementor-element-c1cba42 elementor-invisible elementor-widget elementor-widget-image\" data-id=\"c1cba42\" data-element_type=\"widget\" data-settings=\"{&quot;_animation&quot;:&quot;fadeInRight&quot;}\" data-widget_type=\"image.default\">\n\t\t\t\t<div class=\"elementor-widget-container\">\n\t\t\t\t\t\t\t\t\t\t\t\t\t\t\t<img fetchpriority=\"high\" decoding=\"async\" width=\"800\" height=\"1000\" src=\"https:\/\/greenlifemilano.it\/wp-content\/uploads\/2024\/03\/7D6EAE9B-7459-4F2D-B9A7-C0D905ACC0F2-819x1024.jpg\" class=\"attachment-large size-large wp-image-147\" alt=\"\" srcset=\"https:\/\/greenlifemilano.it\/wp-content\/uploads\/2024\/03\/7D6EAE9B-7459-4F2D-B9A7-C0D905ACC0F2-819x1024.jpg 819w, https:\/\/greenlifemilano.it\/wp-content\/uploads\/2024\/03\/7D6EAE9B-7459-4F2D-B9A7-C0D905ACC0F2-240x300.jpg 240w, https:\/\/greenlifemilano.it\/wp-content\/uploads\/2024\/03\/7D6EAE9B-7459-4F2D-B9A7-C0D905ACC0F2-768x960.jpg 768w, https:\/\/greenlifemilano.it\/wp-content\/uploads\/2024\/03\/7D6EAE9B-7459-4F2D-B9A7-C0D905ACC0F2-1229x1536.jpg 1229w, https:\/\/greenlifemilano.it\/wp-content\/uploads\/2024\/03\/7D6EAE9B-7459-4F2D-B9A7-C0D905ACC0F2.jpg 1440w\" sizes=\"(max-width: 800px) 100vw, 800px\" \/>\t\t\t\t\t\t\t\t\t\t\t\t\t\t\t<\/div>\n\t\t\t\t<\/div>\n\t\t\t\t<\/div>\n\t\t\t\t\t<\/div>\n\t\t\t\t<\/div>\n\t\t\t\t<\/div>\n\t\t","protected":false},"excerpt":{"rendered":"<p>Scrivici Se sogni di trasformare il tuo giardino o la tua terrazza in un luogo di bellezza e serenit\u00e0, sei nel posto giusto. Il team esperto di Green Life Milano \u00e8 qui per aiutarti a realizzare la tua visione verde. Con la nostra passione per la creativit\u00e0 e la cura dei dettagli, trasformiamo gli spazi esterni in veri e propri paradisi naturali. Compila il nostro form di contatto e lasciaci sapere quali sono i tuoi desideri e le tue esigenze. Siamo qui per ascoltarti attentamente e per fornirti un preventivo personalizzato che rispecchi al meglio le tue richieste. Non aspettare altro! Inizia il viaggio verso un giardino che ti emozioner\u00e0 ogni giorno. Scegli la professionalit\u00e0 e l&#8217;esperienza di Green Life Milano e scopri come possiamo trasformare il tuo spazio verde in un capolavoro naturale. Contattaci oggi stesso e lascia che la magia abbia inizio! Scrivici per un preventivo Contatti form&hellip;<\/p>\n<p> <a class=\"more-link\" href=\"https:\/\/greenlifemilano.it\/?page_id=127\">Leggi tutto<\/a><\/p>\n","protected":false},"author":1,"featured_media":0,"parent":0,"menu_order":0,"comment_status":"closed","ping_status":"closed","template":"elementor_header_footer","meta":{"footnotes":""},"class_list":["post-127","page","type-page","status-publish"],"_links":{"self":[{"href":"https:\/\/greenlifemilano.it\/index.php?rest_route=\/wp\/v2\/pages\/127","targetHints":{"allow":["GET"]}}],"collection":[{"href":"https:\/\/greenlifemilano.it\/index.php?rest_route=\/wp\/v2\/pages"}],"about":[{"href":"https:\/\/greenlifemilano.it\/index.php?rest_route=\/wp\/v2\/types\/page"}],"author":[{"embeddable":true,"href":"https:\/\/greenlifemilano.it\/index.php?rest_route=\/wp\/v2\/users\/1"}],"replies":[{"embeddable":true,"href":"https:\/\/greenlifemilano.it\/index.php?rest_route=%2Fwp%2Fv2%2Fcomments&post=127"}],"version-history":[{"count":22,"href":"https:\/\/greenlifemilano.it\/index.php?rest_route=\/wp\/v2\/pages\/127\/revisions"}],"predecessor-version":[{"id":265,"href":"https:\/\/greenlifemilano.it\/index.php?rest_route=\/wp\/v2\/pages\/127\/revisions\/265"}],"wp:attachment":[{"href":"https:\/\/greenlifemilano.it\/index.php?rest_route=%2Fwp%2Fv2%2Fmedia&parent=127"}],"curies":[{"name":"wp","href":"https:\/\/api.w.org\/{rel}","templated":true}]}}